{"id":7,"date":"2025-12-29T23:35:29","date_gmt":"2025-12-29T22:35:29","guid":{"rendered":"http:\/\/ecoles-cor.fr\/?page_id=7"},"modified":"2026-01-21T22:09:07","modified_gmt":"2026-01-21T21:09:07","slug":"accueil","status":"publish","type":"page","link":"https:\/\/ecoles-cor.fr\/","title":{"rendered":"Accueil"},"content":{"rendered":"\n<h1 class=\"wp-block-heading\">Bienvenue sur le site des \u00e9coles de la Communaut\u00e9 d&rsquo;agglom\u00e9ration de l&rsquo;Ouest Rhodanien<\/h1>\n\n\n\n<figure class=\"wp-block-image size-large is-resized\"><img loading=\"lazy\" decoding=\"async\" width=\"1024\" height=\"576\" src=\"https:\/\/ecoles-cor.fr\/wp-content\/uploads\/2025\/12\/Image-accueil-1024x576.png\" alt=\"\" class=\"wp-image-17\" style=\"width:1200px;height:auto\" srcset=\"https:\/\/ecoles-cor.fr\/wp-content\/uploads\/2025\/12\/Image-accueil-1024x576.png 1024w, https:\/\/ecoles-cor.fr\/wp-content\/uploads\/2025\/12\/Image-accueil-300x169.png 300w, https:\/\/ecoles-cor.fr\/wp-content\/uploads\/2025\/12\/Image-accueil-768x432.png 768w, https:\/\/ecoles-cor.fr\/wp-content\/uploads\/2025\/12\/Image-accueil-1536x864.png 1536w, https:\/\/ecoles-cor.fr\/wp-content\/uploads\/2025\/12\/Image-accueil.png 1920w\" sizes=\"auto, (max-width: 1024px) 100vw, 1024px\" \/><\/figure>\n\n\n\n<h2 class=\"wp-block-heading\">Une porte d&rsquo;entr\u00e9e unique vers les \u00e9coles des 31 communes du territoire.<\/h2>\n\n\n\n<p>La Communaut\u00e9 d\u2019agglom\u00e9ration de l\u2019Ouest Rhodanien (COR) regroupe 31 communes situ\u00e9es au c\u0153ur du Rh\u00f4ne et du Beaujolais vert. Elle accompagne les familles et les \u00e9tablissements scolaires pour garantir un service \u00e9ducatif de proximit\u00e9 et de qualit\u00e9.<br>Ce site a pour objectif de faciliter l\u2019acc\u00e8s aux informations essentielles concernant les \u00e9coles maternelles et \u00e9l\u00e9mentaires du territoire : coordonn\u00e9es, localisation et liens utiles. Que vous soyez parent, enseignant ou nouvel arrivant, vous trouverez ici un point d\u2019entr\u00e9e simple et fiable pour pr\u00e9parer la scolarit\u00e9 de vos enfants. <\/p>\n\n\n\n<p><strong>Mission de la COR<\/strong><br>Au-del\u00e0 de l\u2019\u00e9ducation, la COR s\u2019engage pour le d\u00e9veloppement durable, la mobilit\u00e9, la culture et le soutien aux familles. Elle propose \u00e9galement des services compl\u00e9mentaires comme les animations scolaires autour de la gestion des d\u00e9chets et des projets \u00e9ducatifs innovants.<\/p>\n\n\n\n<p><strong>Chiffres cl\u00e9s<\/strong><\/p>\n\n\n\n<ul class=\"wp-block-list\">\n<li>31 communes couvertes par la COR<\/li>\n\n\n\n<li>Plus de 50 000 habitants<\/li>\n\n\n\n<li>Plus de 60 \u00e9coles r\u00e9parties sur le territoire<\/li>\n<\/ul>\n\n\n\n<p><\/p>\n\n\n\n<h3 class=\"wp-block-heading\">Services \u00e9ducatifs propos\u00e9s par la COR<\/h3>\n\n\n\n<p><strong>Un engagement pour l\u2019\u00e9ducation et la jeunesse<\/strong><br>La COR ne se limite pas \u00e0 la gestion des infrastructures scolaires. Elle soutient des <strong>projets \u00e9ducatifs innovants<\/strong>, comme :<\/p>\n\n\n\n<ul class=\"wp-block-list\">\n<li><strong>Animations scolaires<\/strong> autour du tri et de la gestion des d\u00e9chets<\/li>\n\n\n\n<li><strong>Actions p\u00e9dagogiques<\/strong> pour sensibiliser \u00e0 l\u2019environnement<\/li>\n\n\n\n<li><strong>Partenariats locaux<\/strong> pour enrichir l\u2019offre \u00e9ducative<\/li>\n<\/ul>\n\n\n\n<p>Ces initiatives visent \u00e0 offrir aux enfants un cadre d\u2019apprentissage moderne et responsable, en lien avec les valeurs du d\u00e9veloppement durable.<\/p>\n\n\n\n<p><strong>Pourquoi ce site ?<\/strong><br>Ce site a \u00e9t\u00e9 con\u00e7u pour <strong>faciliter l\u2019acc\u00e8s aux informations essentielles sur les \u00e9coles maternelles et \u00e9l\u00e9mentaires du territoire<\/strong>. Vous y trouverez :<\/p>\n\n\n\n<ul class=\"wp-block-list\">\n<li>La liste des \u00e9coles par commune<\/li>\n\n\n\n<li>Les coordonn\u00e9es et liens utiles<\/li>\n\n\n\n<li>Des informations pratiques pour pr\u00e9parer la scolarit\u00e9 de vos enfants<\/li>\n<\/ul>\n\n\n\n<p>Que vous soyez parent, enseignant ou nouvel arrivant, ce site est votre point d\u2019entr\u00e9e simple et fiable pour tout savoir sur les \u00e9tablissements scolaires du premier degr\u00e9.<\/p>\n\n\n\n<p><\/p>\n\n\n\n<p><strong>\u00c0 propos de la Communaut\u00e9 d\u2019agglom\u00e9ration de l\u2019Ouest Rhodanien<\/strong><br>La COR regroupe <strong>31 communes<\/strong> situ\u00e9es au c\u0153ur du Rh\u00f4ne et du Beaujolais vert, pour un territoire dynamique de plus de <strong>50 000 habitants<\/strong>. Elle \u0153uvre pour am\u00e9liorer la qualit\u00e9 de vie des habitants en d\u00e9veloppant des services publics de proximit\u00e9 : \u00e9ducation, mobilit\u00e9, environnement, culture et \u00e9conomie locale.<\/p>\n\n\n\n<p>\ud83d\udc49 <strong>En savoir plus<\/strong> : <a href=\"https:\/\/www.ouestrhodanien.fr\/\" target=\"_blank\" rel=\"noreferrer noopener\">www.ouestrhodanien.fr<\/a><\/p>\n\n\n\n<p><\/p>\n\n\n\n<p><\/p>\n\n\n\n<p><\/p>\n\n\n\n<p><\/p>\n","protected":false},"excerpt":{"rendered":"<p>Bienvenue sur le site des \u00e9coles de la Communaut\u00e9 d&rsquo;agglom\u00e9ration de l&rsquo;Ouest Rhodanien Une porte d&rsquo;entr\u00e9e unique vers les \u00e9coles [&hellip;]<\/p>\n","protected":false},"author":1,"featured_media":0,"parent":0,"menu_order":0,"comment_status":"closed","ping_status":"closed","template":"","meta":{"site-sidebar-layout":"default","site-content-layout":"","ast-site-content-layout":"default","site-content-style":"default","site-sidebar-style":"default","ast-global-header-display":"","ast-banner-title-visibility":"","ast-main-header-display":"","ast-hfb-above-header-display":"","ast-hfb-below-header-display":"","ast-hfb-mobile-header-display":"","site-post-title":"disabled","ast-breadcrumbs-content":"","ast-featured-img":"","footer-sml-layout":"","ast-disable-related-posts":"","theme-transparent-header-meta":"","adv-header-id-meta":"","stick-header-meta":"","header-above-stick-meta":"","header-main-stick-meta":"","header-below-stick-meta":"","astra-migrate-meta-layouts":"default","ast-page-background-enabled":"default","ast-page-background-meta":{"desktop":{"background-color":"var(--ast-global-color-5)","background-image":"","background-repeat":"repeat","background-position":"center center","background-size":"auto","background-attachment":"scroll","background-type":"","background-media":"","overlay-type":"","overlay-color":"","overlay-opacity":"","overlay-gradient":""},"tablet":{"background-color":"","background-image":"","background-repeat":"repeat","background-position":"center center","background-size":"auto","background-attachment":"scroll","background-type":"","background-media":"","overlay-type":"","overlay-color":"","overlay-opacity":"","overlay-gradient":""},"mobile":{"background-color":"","background-image":"","background-repeat":"repeat","background-position":"center center","background-size":"auto","background-attachment":"scroll","background-type":"","background-media":"","overlay-type":"","overlay-color":"","overlay-opacity":"","overlay-gradient":""}},"ast-content-background-meta":{"desktop":{"background-color":"var(--ast-global-color-4)","background-image":"","background-repeat":"repeat","background-position":"center center","background-size":"auto","background-attachment":"scroll","background-type":"","background-media":"","overlay-type":"","overlay-color":"","overlay-opacity":"","overlay-gradient":""},"tablet":{"background-color":"var(--ast-global-color-4)","background-image":"","background-repeat":"repeat","background-position":"center center","background-size":"auto","background-attachment":"scroll","background-type":"","background-media":"","overlay-type":"","overlay-color":"","overlay-opacity":"","overlay-gradient":""},"mobile":{"background-color":"var(--ast-global-color-4)","background-image":"","background-repeat":"repeat","background-position":"center center","background-size":"auto","background-attachment":"scroll","background-type":"","background-media":"","overlay-type":"","overlay-color":"","overlay-opacity":"","overlay-gradient":""}},"footnotes":""},"class_list":["post-7","page","type-page","status-publish","hentry"],"_links":{"self":[{"href":"https:\/\/ecoles-cor.fr\/index.php\/wp-json\/wp\/v2\/pages\/7","targetHints":{"allow":["GET"]}}],"collection":[{"href":"https:\/\/ecoles-cor.fr\/index.php\/wp-json\/wp\/v2\/pages"}],"about":[{"href":"https:\/\/ecoles-cor.fr\/index.php\/wp-json\/wp\/v2\/types\/page"}],"author":[{"embeddable":true,"href":"https:\/\/ecoles-cor.fr\/index.php\/wp-json\/wp\/v2\/users\/1"}],"replies":[{"embeddable":true,"href":"https:\/\/ecoles-cor.fr\/index.php\/wp-json\/wp\/v2\/comments?post=7"}],"version-history":[{"count":13,"href":"https:\/\/ecoles-cor.fr\/index.php\/wp-json\/wp\/v2\/pages\/7\/revisions"}],"predecessor-version":[{"id":26,"href":"https:\/\/ecoles-cor.fr\/index.php\/wp-json\/wp\/v2\/pages\/7\/revisions\/26"}],"wp:attachment":[{"href":"https:\/\/ecoles-cor.fr\/index.php\/wp-json\/wp\/v2\/media?parent=7"}],"curies":[{"name":"wp","href":"https:\/\/api.w.org\/{rel}","templated":true}]}}